{"id":2,"date":"2016-05-10T03:48:21","date_gmt":"2016-05-10T03:48:21","guid":{"rendered":"http:\/\/crustocafe.com\/?page_id=2"},"modified":"2025-12-29T20:21:29","modified_gmt":"2025-12-29T20:21:29","slug":"sample-page","status":"publish","type":"page","link":"https:\/\/crustocafe.com\/","title":{"rendered":"Crusto Cafe Restaurant"},"content":{"rendered":"\n<p><strong>&nbsp;Sipari\u015f: 0551 475 25 19<\/strong><\/p>\n\n\n\n<p><strong>Bigadi\u00e7\u2019te yeni lezzet dura\u011f\u0131 Crusto Kafe a\u00e7\u0131ld\u0131.<\/strong><\/p>\n\n\n\n<figure class=\"wp-block-image size-large\"><img loading=\"lazy\" decoding=\"async\" width=\"576\" height=\"1024\" src=\"http:\/\/crustocafe.com\/wp-content\/uploads\/2016\/05\/IMG-20251115-WA0000-576x1024.jpg\" alt=\"\" class=\"wp-image-13\" srcset=\"https:\/\/crustocafe.com\/wp-content\/uploads\/2016\/05\/IMG-20251115-WA0000-576x1024.jpg 576w, https:\/\/crustocafe.com\/wp-content\/uploads\/2016\/05\/IMG-20251115-WA0000-169x300.jpg 169w, https:\/\/crustocafe.com\/wp-content\/uploads\/2016\/05\/IMG-20251115-WA0000.jpg 720w\" sizes=\"auto, (max-width: 576px) 100vw, 576px\" \/><\/figure>\n\n\n\n<p>Kafenin \u00f6ne \u00e7\u0131kan lezzetleri aras\u0131nda Napoli Pizza ve Smash Burger bulunuyor.<\/p>\n\n\n\n<p>Napoli Pizza, 72 saat dinlendirilen hamurun elle a\u00e7\u0131lmas\u0131yla haz\u0131rlan\u0131yor ve 400 derecelik \u00f6zel f\u0131r\u0131nda 1\u20132 dakikada pi\u015firiliyor.<\/p>\n\n\n\n<p>Smash Burger ise 120 gr dana kaburgan\u0131n tuz ve karabiberle harmanlan\u0131p \u00e7ift cheddar peyniri ve karamelize so\u011fanla pi\u015firilmesiyle sunuluyor.<\/p>\n\n\n\n<p><strong>Crusto Kafe<\/strong>, evlere ve i\u015f yerlerine paket servis de yap\u0131yor.<\/p>\n\n\n\n<p><strong>&nbsp;Sipari\u015f: 0551 475 25 19<\/strong><\/p>\n","protected":false},"excerpt":{"rendered":"<p>&nbsp;Sipari\u015f: 0551 475 25 19 Bigadi\u00e7\u2019te yeni lezzet dura\u011f\u0131 Crusto Kafe a\u00e7\u0131ld\u0131. Kafenin \u00f6ne \u00e7\u0131kan lezzetleri aras\u0131nda Napoli Pizza ve Smash Burger bulunuyor. Napoli Pizza, 72 saat dinlendirilen hamurun elle a\u00e7\u0131lmas\u0131yla haz\u0131rlan\u0131yor ve 400 derecelik \u00f6zel f\u0131r\u0131nda 1\u20132 dakikada pi\u015firiliyor. Smash Burger ise 120 gr dana kaburgan\u0131n tuz ve karabiberle harmanlan\u0131p \u00e7ift cheddar peyniri ve [&hellip;]<\/p>\n","protected":false},"author":1,"featured_media":0,"parent":0,"menu_order":0,"comment_status":"closed","ping_status":"closed","template":"","meta":{"footnotes":""},"class_list":["post-2","page","type-page","status-publish","hentry"],"_links":{"self":[{"href":"https:\/\/crustocafe.com\/index.php?rest_route=\/wp\/v2\/pages\/2","targetHints":{"allow":["GET"]}}],"collection":[{"href":"https:\/\/crustocafe.com\/index.php?rest_route=\/wp\/v2\/pages"}],"about":[{"href":"https:\/\/crustocafe.com\/index.php?rest_route=\/wp\/v2\/types\/page"}],"author":[{"embeddable":true,"href":"https:\/\/crustocafe.com\/index.php?rest_route=\/wp\/v2\/users\/1"}],"replies":[{"embeddable":true,"href":"https:\/\/crustocafe.com\/index.php?rest_route=%2Fwp%2Fv2%2Fcomments&post=2"}],"version-history":[{"count":6,"href":"https:\/\/crustocafe.com\/index.php?rest_route=\/wp\/v2\/pages\/2\/revisions"}],"predecessor-version":[{"id":46,"href":"https:\/\/crustocafe.com\/index.php?rest_route=\/wp\/v2\/pages\/2\/revisions\/46"}],"wp:attachment":[{"href":"https:\/\/crustocafe.com\/index.php?rest_route=%2Fwp%2Fv2%2Fmedia&parent=2"}],"curies":[{"name":"wp","href":"https:\/\/api.w.org\/{rel}","templated":true}]}}